{"id":11046,"date":"2023-01-17T11:13:50","date_gmt":"2023-01-17T11:13:50","guid":{"rendered":"https:\/\/ranyakebab.is\/?page_id=11046"},"modified":"2025-08-04T21:13:08","modified_gmt":"2025-08-04T21:13:08","slug":"new","status":"publish","type":"page","link":"https:\/\/ranyakebab.is\/is\/","title":{"rendered":"Ranya Kebab"},"content":{"rendered":"<div data-elementor-type=\"wp-page\" data-elementor-id=\"11046\" class=\"elementor elementor-11046\" data-elementor-post-type=\"page\">\n\t\t\t\t<div class=\"elementor-element elementor-element-e468c13 e-flex e-con-boxed e-con e-parent\" data-id=\"e468c13\" data-element_type=\"container\" data-e-type=\"container\" data-settings=\"{&quot;background_background&quot;:&quot;video&quot;,&quot;background_video_link&quot;:&quot;https:\\\/\\\/youtu.be\\\/35pp13ZOVPo&quot;,&quot;background_play_on_mobile&quot;:&quot;yes&quot;}\">\n\t\t\t\t\t<div class=\"e-con-inner\">\n\t\t<div class=\"elementor-background-video-container\">\n\t\t\t\t\t\t\t<div class=\"elementor-background-video-embed\" role=\"presentation\"><\/div>\n\t\t\t\t\t\t<\/div>\t\t<div class=\"elementor-element elementor-element-0192846 elementor-widget elementor-widget-heading\" data-id=\"0192846\" data-element_type=\"widget\" data-e-type=\"widget\" data-widget_type=\"heading.default\">\n\t\t\t\t<div class=\"elementor-widget-container\">\n\t\t\t\t\t<h2 class=\"elementor-heading-title elementor-size-default\">Welcome To<\/h2>\t\t\t\t<\/div>\n\t\t\t\t<\/div>\n\t\t\t\t<div class=\"elementor-element elementor-element-0ab01b1 elementor-widget elementor-widget-heading\" data-id=\"0ab01b1\" data-element_type=\"widget\" data-e-type=\"widget\" data-widget_type=\"heading.default\">\n\t\t\t\t<div class=\"elementor-widget-container\">\n\t\t\t\t\t<h2 class=\"elementor-heading-title elementor-size-default\">Ranya<\/h2>\t\t\t\t<\/div>\n\t\t\t\t<\/div>\n\t\t\t\t<div class=\"elementor-element elementor-element-aedeb4f elementor-widget elementor-widget-text-editor\" data-id=\"aedeb4f\" data-element_type=\"widget\" data-e-type=\"widget\" data-widget_type=\"text-editor.default\">\n\t\t\t\t<div class=\"elementor-widget-container\">\n\t\t\t\t\t\t\t\t\t<p style=\"text-align: center;\">Ranya brings the bold flavors of the Middle East to the heart of Vestmannaeyjar.<\/p><p style=\"text-align: center;\">Whether you\u2019re craving juicy shawarma, crispy falafel, sizzling hamburgers, hot pizzas, or golden French fries, we\u2019ve got something delicious for everyone.<\/p><p style=\"text-align: center;\">Locals and travelers alike are welcome to stop by, grab a bite, and enjoy fast, flavorful food made with heart.<\/p>\t\t\t\t\t\t\t\t<\/div>\n\t\t\t\t<\/div>\n\t\t\t\t<div class=\"elementor-element elementor-element-9cb82ea elementor-align-center elementor-widget elementor-widget-glf_elementor_widget_ordering\" data-id=\"9cb82ea\" data-element_type=\"widget\" data-e-type=\"widget\" data-widget_type=\"glf_elementor_widget_ordering.default\">\n\t\t\t\t<div class=\"elementor-widget-container\">\n\t\t\t\t\t            <div class=\"elementor-button-wrapper\">\n\t\t\t<a class=\"elementor-button elementor-glf-button elementor-size-md\" role=\"button\" data-glf-cuid=\"\" data-glf-ruid=\"49864f50-d04f-471e-841b-91e8902cdca3\" >\n                                 <span class=\"elementor-button-content-wrapper\">\n\t\t\t                <span class=\"elementor-button-icon elementor-align-icon-left\">\n\t\t\t\t<i aria-hidden=\"true\" class=\"fas fa-shopping-basket\"><\/i>\t\t\t<\/span>\n            \t\t\t<span class=\"elementor-button-text\">Sj\u00e1 matse\u00f0il &amp; p\u00f6ntun<\/span>\n\t\t<\/span>\n                                            <script src=\"https:\/\/www.fbgcdn.com\/embedder\/js\/ewm2.js\" defer async><\/script>\n\t\t\t<\/a>\n\t\t<\/div>\n            \t\t\t\t<\/div>\n\t\t\t\t<\/div>\n\t\t\t\t<div class=\"elementor-element elementor-element-08c0d28 elementor-hidden-widescreen elementor-hidden-desktop elementor-hidden-laptop elementor-hidden-tablet_extra elementor-hidden-tablet elementor-hidden-mobile_extra elementor-hidden-mobile elementor-widget elementor-widget-heading\" data-id=\"08c0d28\" data-element_type=\"widget\" data-e-type=\"widget\" data-widget_type=\"heading.default\">\n\t\t\t\t<div class=\"elementor-widget-container\">\n\t\t\t\t\t<h2 class=\"elementor-heading-title elementor-size-default\">P\u00f6ntun \u00fe\u00edn ver\u00f0ur sta\u00f0fest \u00ed raunt\u00edma<\/h2>\t\t\t\t<\/div>\n\t\t\t\t<\/div>\n\t\t\t\t\t<\/div>\n\t\t\t\t<\/div>\n\t\t<div class=\"elementor-element elementor-element-2306768 elementor-hidden-mobile elementor-hidden-widescreen elementor-hidden-desktop elementor-hidden-laptop elementor-hidden-tablet_extra elementor-hidden-tablet elementor-hidden-mobile_extra e-flex e-con-boxed e-con e-parent\" data-id=\"2306768\" data-element_type=\"container\" data-e-type=\"container\">\n\t\t\t\t\t<div class=\"e-con-inner\">\n\t\t\t\t<div class=\"elementor-element elementor-element-4845ca9 elementor-widget elementor-widget-heading\" data-id=\"4845ca9\" data-element_type=\"widget\" data-e-type=\"widget\" data-widget_type=\"heading.default\">\n\t\t\t\t<div class=\"elementor-widget-container\">\n\t\t\t\t\t<h2 class=\"elementor-heading-title elementor-size-default\">Festival Menu<\/h2>\t\t\t\t<\/div>\n\t\t\t\t<\/div>\n\t\t\t\t<div class=\"elementor-element elementor-element-0bbd549 elementor-widget elementor-widget-image\" data-id=\"0bbd549\" data-element_type=\"widget\" data-e-type=\"widget\" data-widget_type=\"image.default\">\n\t\t\t\t<div class=\"elementor-widget-container\">\n\t\t\t\t\t\t\t\t\t\t\t\t\t\t\t<img fetchpriority=\"high\" decoding=\"async\" width=\"842\" height=\"595\" src=\"https:\/\/ranyakebab.is\/wp-content\/uploads\/2024\/08\/ranyaA4menu_2.webp\" class=\"attachment-full size-full wp-image-12008\" alt=\"\" srcset=\"https:\/\/ranyakebab.is\/wp-content\/uploads\/2024\/08\/ranyaA4menu_2.webp 842w, https:\/\/ranyakebab.is\/wp-content\/uploads\/2024\/08\/ranyaA4menu_2-300x212.webp 300w, https:\/\/ranyakebab.is\/wp-content\/uploads\/2024\/08\/ranyaA4menu_2-768x543.webp 768w, https:\/\/ranyakebab.is\/wp-content\/uploads\/2024\/08\/ranyaA4menu_2-18x12.webp 18w, https:\/\/ranyakebab.is\/wp-content\/uploads\/2024\/08\/ranyaA4menu_2-600x424.webp 600w\" sizes=\"(max-width: 842px) 100vw, 842px\" \/>\t\t\t\t\t\t\t\t\t\t\t\t\t\t\t<\/div>\n\t\t\t\t<\/div>\n\t\t\t\t<div class=\"elementor-element elementor-element-d55664e elementor-widget elementor-widget-heading\" data-id=\"d55664e\" data-element_type=\"widget\" data-e-type=\"widget\" data-widget_type=\"heading.default\">\n\t\t\t\t<div class=\"elementor-widget-container\">\n\t\t\t\t\t<h2 class=\"elementor-heading-title elementor-size-default\">We do not accept online Take Away during the Festival, you are welcome to come and order Take Away but we cant handle  it online sorry.... <\/br><b>HAPPY FESTIVAL<\/b><\/h2>\t\t\t\t<\/div>\n\t\t\t\t<\/div>\n\t\t\t\t\t<\/div>\n\t\t\t\t<\/div>\n\t\t<div class=\"elementor-element elementor-element-b9b91db e-flex e-con-boxed e-con e-parent\" data-id=\"b9b91db\" data-element_type=\"container\" data-e-type=\"container\" data-settings=\"{&quot;background_background&quot;:&quot;classic&quot;}\">\n\t\t\t\t\t<div class=\"e-con-inner\">\n\t\t<div class=\"elementor-element elementor-element-ac2fd45 e-con-full e-flex e-con e-child\" data-id=\"ac2fd45\" data-element_type=\"container\" data-e-type=\"container\" data-settings=\"{&quot;background_background&quot;:&quot;classic&quot;}\">\n\t\t\t\t<div class=\"elementor-element elementor-element-148de9c elementor-widget elementor-widget-heading\" data-id=\"148de9c\" data-element_type=\"widget\" data-e-type=\"widget\" data-widget_type=\"heading.default\">\n\t\t\t\t<div class=\"elementor-widget-container\">\n\t\t\t\t\t<h2 class=\"elementor-heading-title elementor-size-default\">Um Ranya Kebab<\/h2>\t\t\t\t<\/div>\n\t\t\t\t<\/div>\n\t\t\t\t<div class=\"elementor-element elementor-element-7cd4147 elementor-widget-divider--view-line elementor-widget elementor-widget-divider\" data-id=\"7cd4147\" data-element_type=\"widget\" data-e-type=\"widget\" data-widget_type=\"divider.default\">\n\t\t\t\t<div class=\"elementor-widget-container\">\n\t\t\t\t\t\t\t<div class=\"elementor-divider\">\n\t\t\t<span class=\"elementor-divider-separator\">\n\t\t\t\t\t\t<\/span>\n\t\t<\/div>\n\t\t\t\t\t\t<\/div>\n\t\t\t\t<\/div>\n\t\t\t\t<div class=\"elementor-element elementor-element-7adaea7 elementor-widget elementor-widget-html\" data-id=\"7adaea7\" data-element_type=\"widget\" data-e-type=\"widget\" data-widget_type=\"html.default\">\n\t\t\t\t<div class=\"elementor-widget-container\">\n\t\t\t\t\t<link href=\"https:\/\/awards.infcdn.net\/r_rcm.css\" rel=\"stylesheet\"\/><div id=\"r-rcm\" data=\"32\" class=\"r-rcm_black\" onclick=\"if(event.target.nodeName.toLowerCase() != 'a') {window.open(this.querySelector('.rest-white_center').href);return 0;}\"> <a href=\"https:\/\/restaurantguru.com\/Ranya-Kebab-Vestmannaeyjabaer\" class=\"r-rcm_r-link\" target=\"_blank\" rel=\"noopener\">Ranya Kebab<\/a> <div class=\"r-rcm_year\">2023<\/div> <div class=\"r-rcm_bottom r-rcm_row-doubled\"> <span class=\"r-rcm_str1\">Best fast<\/span> <span class=\"r-rcm_str2\">food<\/span> <\/div> <div class=\"r-rcm_heading\"> <svg xmlns=\"http:\/\/www.w3.org\/2000\/svg\" xmlns:xlink=\"http:\/\/www.w3.org\/1999\/xlink\" width=\"144px\" height=\"144px\" viewbox=\"0 0 144 144\"> <defs> <path id=\"r-rcm-arc\" d=\"M 12 72 a 60 60 0 0 0 120 0\"><\/path> <\/defs> <text class=\"r-rcm_heading__bottom r-rcm_small\" fill=\"#fff\" text-anchor=\"middle\"> <textpath startoffset=\"50%\" xlink:href=\"#r-rcm-arc\"><a href=\"https:\/\/restaurantguru.com\/\" class=\"r-rcm_heading__link\" target=\"_blank\" rel=\"noopener\">Restaurant Guru<\/a><\/textpath> <\/text> <\/svg> <\/div><\/div>\t\t\t\t<\/div>\n\t\t\t\t<\/div>\n\t\t\t\t<div class=\"elementor-element elementor-element-a23b5fa elementor-widget__width-initial elementor-widget-mobile__width-initial elementor-widget elementor-widget-text-editor\" data-id=\"a23b5fa\" data-element_type=\"widget\" data-e-type=\"widget\" data-widget_type=\"text-editor.default\">\n\t\t\t\t<div class=\"elementor-widget-container\">\n\t\t\t\t\t\t\t\t\t<p class=\"translation-block\">\u00c1 <strong>Ranya Kebab<\/strong> bj\u00f3\u00f0um vi\u00f0 upp \u00e1 m\u00e1lt\u00ed\u00f0ir af fram\u00farskarandi g\u00e6\u00f0um og bj\u00f3\u00f0um \u00fe\u00e9r a\u00f0 pr\u00f3fa d\u00fdrindis matinn okkar.<\/p><p>Lykillinn a\u00f0 velgengni okkar er einfaldur: a\u00f0 bj\u00f3\u00f0a upp \u00e1 g\u00e6\u00f0a mat sem brag\u00f0ast vel \u00ed hvert einasta skipti.<\/p><p>Vi\u00f0 leggjum metna\u00f0 okkar \u00ed a\u00f0 \u00fej\u00f3na vi\u00f0skiptavinum okkar d\u00fdrindis \u00f3svikna r\u00e9tti eins og: Shawarma, Pizza, Burger<\/p><p>Bor\u00f0a d\u00fdrindis mat. F\u00e1\u00f0u \u00fe\u00e9r drykk. En umfram allt, slaka\u00f0u \u00e1! Vi\u00f0 \u00fe\u00f6kkum \u00fe\u00e9r hjartanlega fyrir \u00e1framhaldandi stu\u00f0ning.<\/p>\t\t\t\t\t\t\t\t<\/div>\n\t\t\t\t<\/div>\n\t\t\t\t<\/div>\n\t\t<div class=\"elementor-element elementor-element-96db065 e-con-full e-flex e-con e-child\" data-id=\"96db065\" data-element_type=\"container\" data-e-type=\"container\">\n\t\t\t\t<div class=\"elementor-element elementor-element-5360764 elementor-widget elementor-widget-image\" data-id=\"5360764\" data-element_type=\"widget\" data-e-type=\"widget\" data-widget_type=\"image.default\">\n\t\t\t\t<div class=\"elementor-widget-container\">\n\t\t\t\t\t\t\t\t\t\t\t\t\t\t\t<img decoding=\"async\" width=\"570\" height=\"319\" src=\"https:\/\/ranyakebab.is\/wp-content\/uploads\/2023\/01\/ranya-kebab.webp\" class=\"attachment-full size-full wp-image-11217\" alt=\"Ranya Kebab\" srcset=\"https:\/\/ranyakebab.is\/wp-content\/uploads\/2023\/01\/ranya-kebab.webp 570w, https:\/\/ranyakebab.is\/wp-content\/uploads\/2023\/01\/ranya-kebab-300x168.webp 300w, https:\/\/ranyakebab.is\/wp-content\/uploads\/2023\/01\/ranya-kebab-150x85.webp 150w\" sizes=\"(max-width: 570px) 100vw, 570px\" \/>\t\t\t\t\t\t\t\t\t\t\t\t\t\t\t<\/div>\n\t\t\t\t<\/div>\n\t\t<div class=\"elementor-element elementor-element-30dfe22 e-con-full e-flex e-con e-child\" data-id=\"30dfe22\" data-element_type=\"container\" data-e-type=\"container\" data-settings=\"{&quot;background_background&quot;:&quot;classic&quot;}\">\n\t\t\t\t<div class=\"elementor-element elementor-element-061cffe elementor-widget elementor-widget-glf_elementor_opening_hours\" data-id=\"061cffe\" data-element_type=\"widget\" data-e-type=\"widget\" data-widget_type=\"glf_elementor_opening_hours.default\">\n\t\t\t\t<div class=\"elementor-widget-container\">\n\t\t\t\t\t<div class=\"glf-widget-opening-hours\">\n                            <div class=\"wood-background\" lazy-style=\"background-image: url(https:\/\/ranyakebab.is\/wp-content\/plugins\/menu-ordering-reservations\/assets\/images\/wood2.png)\" style=\"background-image: url(https:\/\/ranyakebab.is\/wp-content\/plugins\/menu-ordering-reservations\/assets\/images\/wood2.png)\"><\/div> \n                            <div class=\"wood-border-1\"><\/div> \n                            <div class=\"wood-border-2\"><\/div>\n                            <div id=\"glf-opening-data\" style=\"display: none;\"><span class=\"types\">{&quot;opening&quot;:&quot;Opening Hours&quot;,&quot;pickup&quot;:&quot;Pickup Service&quot;,&quot;delivery&quot;:&quot;Delivery Service&quot;,&quot;reservation&quot;:&quot;Reservations&quot;,&quot;preserve&quot;:&quot;Table Reservations&quot;}<\/span><span class=\"hours\">{&quot;opening&quot;:[{&quot;created_at&quot;:&quot;2023-01-12T11:51:14.000Z&quot;,&quot;updated_at&quot;:&quot;2023-05-27T02:06:35.000Z&quot;,&quot;id&quot;:822704,&quot;type&quot;:&quot;opening&quot;,&quot;day_of_week&quot;:79,&quot;begin_minute&quot;:660,&quot;end_minute&quot;:1320,&quot;createdAt&quot;:&quot;2023-01-12T11:51:14.000Z&quot;,&quot;updatedAt&quot;:&quot;2023-05-27T02:06:35.000Z&quot;,&quot;restaurant_id&quot;:426790},{&quot;created_at&quot;:&quot;2023-09-20T18:37:10.000Z&quot;,&quot;updated_at&quot;:&quot;2023-09-20T18:37:10.000Z&quot;,&quot;id&quot;:889376,&quot;type&quot;:&quot;opening&quot;,&quot;day_of_week&quot;:48,&quot;begin_minute&quot;:660,&quot;end_minute&quot;:1440,&quot;createdAt&quot;:&quot;2023-09-20T18:37:10.000Z&quot;,&quot;updatedAt&quot;:&quot;2023-09-20T18:37:10.000Z&quot;,&quot;restaurant_id&quot;:426790}],&quot;pickup&quot;:[{&quot;created_at&quot;:&quot;2023-05-27T02:07:26.000Z&quot;,&quot;updated_at&quot;:&quot;2023-05-27T02:07:26.000Z&quot;,&quot;id&quot;:861294,&quot;type&quot;:&quot;pickup&quot;,&quot;day_of_week&quot;:127,&quot;begin_minute&quot;:660,&quot;end_minute&quot;:1320,&quot;createdAt&quot;:&quot;2023-05-27T02:07:26.000Z&quot;,&quot;updatedAt&quot;:&quot;2023-05-27T02:07:26.000Z&quot;,&quot;restaurant_id&quot;:426790}]}<\/span><span class=\"country\">IS<\/span><span class=\"days\">[&quot;Monday&quot;,&quot;Tuesday&quot;,&quot;Wednesday&quot;,&quot;Thursday&quot;,&quot;Friday&quot;,&quot;Saturday&quot;,&quot;Sunday&quot;]<\/span><\/div>\n                            <div class=\"content\" >\n                            <\/div>\n                        <\/div>\t\t\t\t<\/div>\n\t\t\t\t<\/div>\n\t\t\t\t<\/div>\n\t\t\t\t<\/div>\n\t\t<div class=\"elementor-element elementor-element-2f6f4af e-con-full e-flex e-con e-child\" data-id=\"2f6f4af\" data-element_type=\"container\" data-e-type=\"container\">\n\t\t\t\t<div class=\"elementor-element elementor-element-bfa0a67 gallery-spacing-custom elementor-widget elementor-widget-image-gallery\" data-id=\"bfa0a67\" data-element_type=\"widget\" data-e-type=\"widget\" data-widget_type=\"image-gallery.default\">\n\t\t\t\t<div class=\"elementor-widget-container\">\n\t\t\t\t\t\t\t<div class=\"elementor-image-gallery\">\n\t\t\t<div id='gallery-1' class='gallery galleryid-11046 gallery-columns-4 gallery-size-post-thumbnail'><figure class='gallery-item'>\n\t\t\t<div class='gallery-icon portrait'>\n\t\t\t\t<a data-elementor-open-lightbox=\"yes\" data-elementor-lightbox-slideshow=\"bfa0a67\" data-elementor-lightbox-title=\"pic3\" data-e-action-hash=\"#elementor-action%3Aaction%3Dlightbox%26settings%3DeyJpZCI6MTE0MjksInVybCI6Imh0dHBzOlwvXC9yYW55YWtlYmFiLmlzXC93cC1jb250ZW50XC91cGxvYWRzXC8yMDIzXC8wNVwvcGljMy53ZWJwIiwic2xpZGVzaG93IjoiYmZhMGE2NyJ9\" href=\"https:\/\/ranyakebab.is\/wp-content\/uploads\/2023\/05\/pic3.webp\"><img decoding=\"async\" width=\"370\" height=\"265\" src=\"https:\/\/ranyakebab.is\/wp-content\/uploads\/2023\/05\/pic3-370x265.webp\" class=\"attachment-post-thumbnail size-post-thumbnail\" alt=\"\" \/><\/a>\n\t\t\t<\/div><\/figure><figure class='gallery-item'>\n\t\t\t<div class='gallery-icon portrait'>\n\t\t\t\t<a data-elementor-open-lightbox=\"yes\" data-elementor-lightbox-slideshow=\"bfa0a67\" data-elementor-lightbox-title=\"pic2\" data-e-action-hash=\"#elementor-action%3Aaction%3Dlightbox%26settings%3DeyJpZCI6MTE0MjgsInVybCI6Imh0dHBzOlwvXC9yYW55YWtlYmFiLmlzXC93cC1jb250ZW50XC91cGxvYWRzXC8yMDIzXC8wNVwvcGljMi53ZWJwIiwic2xpZGVzaG93IjoiYmZhMGE2NyJ9\" href=\"https:\/\/ranyakebab.is\/wp-content\/uploads\/2023\/05\/pic2.webp\"><img loading=\"lazy\" decoding=\"async\" width=\"370\" height=\"265\" src=\"https:\/\/ranyakebab.is\/wp-content\/uploads\/2023\/05\/pic2-370x265.webp\" class=\"attachment-post-thumbnail size-post-thumbnail\" alt=\"\" \/><\/a>\n\t\t\t<\/div><\/figure><figure class='gallery-item'>\n\t\t\t<div class='gallery-icon portrait'>\n\t\t\t\t<a data-elementor-open-lightbox=\"yes\" data-elementor-lightbox-slideshow=\"bfa0a67\" data-elementor-lightbox-title=\"pic4\" data-e-action-hash=\"#elementor-action%3Aaction%3Dlightbox%26settings%3DeyJpZCI6MTE0MzAsInVybCI6Imh0dHBzOlwvXC9yYW55YWtlYmFiLmlzXC93cC1jb250ZW50XC91cGxvYWRzXC8yMDIzXC8wNVwvcGljNC53ZWJwIiwic2xpZGVzaG93IjoiYmZhMGE2NyJ9\" href=\"https:\/\/ranyakebab.is\/wp-content\/uploads\/2023\/05\/pic4.webp\"><img loading=\"lazy\" decoding=\"async\" width=\"370\" height=\"265\" src=\"https:\/\/ranyakebab.is\/wp-content\/uploads\/2023\/05\/pic4-370x265.webp\" class=\"attachment-post-thumbnail size-post-thumbnail\" alt=\"\" \/><\/a>\n\t\t\t<\/div><\/figure><figure class='gallery-item'>\n\t\t\t<div class='gallery-icon portrait'>\n\t\t\t\t<a data-elementor-open-lightbox=\"yes\" data-elementor-lightbox-slideshow=\"bfa0a67\" data-elementor-lightbox-title=\"pic1\" data-e-action-hash=\"#elementor-action%3Aaction%3Dlightbox%26settings%3DeyJpZCI6MTE0MjcsInVybCI6Imh0dHBzOlwvXC9yYW55YWtlYmFiLmlzXC93cC1jb250ZW50XC91cGxvYWRzXC8yMDIzXC8wNVwvcGljMS53ZWJwIiwic2xpZGVzaG93IjoiYmZhMGE2NyJ9\" href=\"https:\/\/ranyakebab.is\/wp-content\/uploads\/2023\/05\/pic1.webp\"><img loading=\"lazy\" decoding=\"async\" width=\"370\" height=\"265\" src=\"https:\/\/ranyakebab.is\/wp-content\/uploads\/2023\/05\/pic1-370x265.webp\" class=\"attachment-post-thumbnail size-post-thumbnail\" alt=\"\" \/><\/a>\n\t\t\t<\/div><\/figure>\n\t\t<\/div>\n\t\t<\/div>\n\t\t\t\t\t\t<\/div>\n\t\t\t\t<\/div>\n\t\t\t\t<\/div>\n\t\t\t\t\t<\/div>\n\t\t\t\t<\/div>\n\t\t<div class=\"elementor-element elementor-element-e968054 e-flex e-con-boxed e-con e-parent\" data-id=\"e968054\" data-element_type=\"container\" data-e-type=\"container\">\n\t\t\t\t\t<div class=\"e-con-inner\">\n\t\t\t\t<div class=\"elementor-element elementor-element-49dfb4f elementor-widget elementor-widget-google_maps\" data-id=\"49dfb4f\" data-element_type=\"widget\" data-e-type=\"widget\" data-widget_type=\"google_maps.default\">\n\t\t\t\t<div class=\"elementor-widget-container\">\n\t\t\t\t\t\t\t<div class=\"elementor-custom-embed\">\n\t\t\t<iframe loading=\"lazy\"\n\t\t\t\t\tsrc=\"https:\/\/www.google.com\/maps\/embed\/v1\/place?key=AIzaSyDwCWvrYr6X9m8ueGzSOGD9B64LMLK3y8g&#038;q=Ranya%20Kebab%2C%20Mi%C3%B0str%C3%A6ti%2014%2C%20Vestmannaeyjar&#038;zoom=17\"\n\t\t\t\t\ttitle=\"Ranya Kebab, Mi\u00f0str\u00e6ti 14, Vestmannaeyjar\"\n\t\t\t\t\taria-label=\"Ranya Kebab, Mi\u00f0str\u00e6ti 14, Vestmannaeyjar\"\n\t\t\t><\/iframe>\n\t\t<\/div>\n\t\t\t\t\t\t<\/div>\n\t\t\t\t<\/div>\n\t\t\t\t\t<\/div>\n\t\t\t\t<\/div>\n\t\t\t\t<\/div>","protected":false},"excerpt":{"rendered":"<p>Welcome To Ranya Ranya brings the bold flavors of the Middle East to the heart of Vestmannaeyjar. Whether you\u2019re craving juicy shawarma, crispy falafel, sizzling hamburgers, hot pizzas, or golden French fries, we\u2019ve got something delicious for everyone. Locals and travelers alike are welcome to stop by, grab a bite, and enjoy fast, flavorful food&#8230;<\/p>","protected":false},"author":1,"featured_media":0,"parent":0,"menu_order":0,"comment_status":"closed","ping_status":"closed","template":"","meta":{"_kad_post_transparent":"","_kad_post_title":"","_kad_post_layout":"","_kad_post_sidebar_id":"","_kad_post_content_style":"","_kad_post_vertical_padding":"","_kad_post_feature":"","_kad_post_feature_position":"","_kad_post_header":false,"_kad_post_footer":false,"_kad_post_classname":"","footnotes":""},"class_list":["post-11046","page","type-page","status-publish","hentry"],"_links":{"self":[{"href":"https:\/\/ranyakebab.is\/is\/wp-json\/wp\/v2\/pages\/11046","targetHints":{"allow":["GET"]}}],"collection":[{"href":"https:\/\/ranyakebab.is\/is\/wp-json\/wp\/v2\/pages"}],"about":[{"href":"https:\/\/ranyakebab.is\/is\/wp-json\/wp\/v2\/types\/page"}],"author":[{"embeddable":true,"href":"https:\/\/ranyakebab.is\/is\/wp-json\/wp\/v2\/users\/1"}],"replies":[{"embeddable":true,"href":"https:\/\/ranyakebab.is\/is\/wp-json\/wp\/v2\/comments?post=11046"}],"version-history":[{"count":444,"href":"https:\/\/ranyakebab.is\/is\/wp-json\/wp\/v2\/pages\/11046\/revisions"}],"predecessor-version":[{"id":12136,"href":"https:\/\/ranyakebab.is\/is\/wp-json\/wp\/v2\/pages\/11046\/revisions\/12136"}],"wp:attachment":[{"href":"https:\/\/ranyakebab.is\/is\/wp-json\/wp\/v2\/media?parent=11046"}],"curies":[{"name":"wp","href":"https:\/\/api.w.org\/{rel}","templated":true}]}}